{"id":74,"date":"2016-06-06T20:42:41","date_gmt":"2016-06-06T18:42:41","guid":{"rendered":"http:\/\/www.tee-de-cologne.de\/teeneu\/?page_id=74"},"modified":"2016-06-15T19:40:16","modified_gmt":"2016-06-15T17:40:16","slug":"ueber-uns","status":"publish","type":"page","link":"https:\/\/www.tee-de-cologne.de\/?page_id=74","title":{"rendered":"\u00dcber uns"},"content":{"rendered":"<div id=\"attachment_39\" style=\"width: 605px\" class=\"wp-caption alignnone\"><img loading=\"lazy\" decoding=\"async\" aria-describedby=\"caption-attachment-39\" class=\"size-full wp-image-39\" src=\"http:\/\/www.tee-de-cologne.de\/teeneu\/wp-content\/uploads\/2016\/06\/Startseite.jpg\" alt=\"Artikel aus Ehrenfeld (er)leben\" width=\"595\" height=\"841\" srcset=\"https:\/\/www.tee-de-cologne.de\/wp-content\/uploads\/2016\/06\/Startseite.jpg 595w, https:\/\/www.tee-de-cologne.de\/wp-content\/uploads\/2016\/06\/Startseite-212x300.jpg 212w\" sizes=\"auto, (max-width: 595px) 100vw, 595px\" \/><p id=\"caption-attachment-39\" class=\"wp-caption-text\">Artikel aus Ehrenfeld (er)leben<\/p><\/div>\n<p>Tee de Cologne &#8211;\u00a0Das Teefachgesch\u00e4ft in K\u00f6ln-Ehrenfeld mit dem gewissen Etwas!<\/p>\n<p>Hier werden Sie in \u00fcber 200 Teesorten, u. a. der englischen Marke Twinings, bei freundlicher, kompetenter Beratung f\u00fcndig. An Leckereien bieten wir u. a. k\u00f6stliche Neuhaus-Pralinen, Hachez-Schokolade und Walker&#8217;s Shortbread.<\/p>\n<p>Tee de Cologne<\/p>\n<p>Inh. Silvia Legat<br \/>\nLandmannstr. 30<br \/>\n50825 K\u00f6ln<\/p>\n<p>Tel. 0221 5007507<\/p>\n<p>info@tee-de-cologne.de<\/p>\n<p><a href=\"http:\/\/www.facebook.com\/TeedeCologne\">www.facebook.com\/TeedeCologne<\/a><\/p>\n<p>Stadtbahnen 5 und 13, Haltestelle Subbelrather Str.\/G\u00fcrtel<\/p>\n<p>Er\u00f6ffnet am 13. September 2003<\/p>\n","protected":false},"excerpt":{"rendered":"<p>Tee de Cologne &#8211;\u00a0Das Teefachgesch\u00e4ft in K\u00f6ln-Ehrenfeld mit dem gewissen Etwas! Hier werden Sie in \u00fcber 200 Teesorten, u. a. der englischen Marke Twinings, bei freundlicher, kompetenter Beratung f\u00fcndig. An Leckereien bieten wir u. a. k\u00f6stliche Neuhaus-Pralinen, Hachez-Schokolade und Walker&#8217;s &hellip; <a href=\"https:\/\/www.tee-de-cologne.de\/?page_id=74\">Weiterlesen <span class=\"meta-nav\">&rarr;<\/span><\/a><\/p>\n","protected":false},"author":1,"featured_media":0,"parent":0,"menu_order":0,"comment_status":"closed","ping_status":"closed","template":"","meta":{"footnotes":""},"class_list":["post-74","page","type-page","status-publish","hentry"],"_links":{"self":[{"href":"https:\/\/www.tee-de-cologne.de\/index.php?rest_route=\/wp\/v2\/pages\/74","targetHints":{"allow":["GET"]}}],"collection":[{"href":"https:\/\/www.tee-de-cologne.de\/index.php?rest_route=\/wp\/v2\/pages"}],"about":[{"href":"https:\/\/www.tee-de-cologne.de\/index.php?rest_route=\/wp\/v2\/types\/page"}],"author":[{"embeddable":true,"href":"https:\/\/www.tee-de-cologne.de\/index.php?rest_route=\/wp\/v2\/users\/1"}],"replies":[{"embeddable":true,"href":"https:\/\/www.tee-de-cologne.de\/index.php?rest_route=%2Fwp%2Fv2%2Fcomments&post=74"}],"version-history":[{"count":4,"href":"https:\/\/www.tee-de-cologne.de\/index.php?rest_route=\/wp\/v2\/pages\/74\/revisions"}],"predecessor-version":[{"id":85,"href":"https:\/\/www.tee-de-cologne.de\/index.php?rest_route=\/wp\/v2\/pages\/74\/revisions\/85"}],"wp:attachment":[{"href":"https:\/\/www.tee-de-cologne.de\/index.php?rest_route=%2Fwp%2Fv2%2Fmedia&parent=74"}],"curies":[{"name":"wp","href":"https:\/\/api.w.org\/{rel}","templated":true}]}}