{"id":69,"date":"2016-06-06T20:37:30","date_gmt":"2016-06-06T18:37:30","guid":{"rendered":"http:\/\/www.tee-de-cologne.de\/teeneu\/?page_id=69"},"modified":"2023-04-03T19:44:10","modified_gmt":"2023-04-03T17:44:10","slug":"newsletter","status":"publish","type":"page","link":"https:\/\/www.tee-de-cologne.de\/?page_id=69","title":{"rendered":"Newsletter"},"content":{"rendered":"<p>M\u00f6chten Sie \u00fcber Neuigkeiten informiert werden? Melden Sie sich rechts in unsererem Newsletterformular f\u00fcr unseren Newsletter an!<\/p>\n<p>St\u00f6bern Sie in unserem\u00a0<a href=\"http:\/\/www.tee-de-cologne.de\/newsletter\/letter\/index.php\">Newsletter-Archiv<\/a>.<\/p>\n","protected":false},"excerpt":{"rendered":"<p>M\u00f6chten Sie \u00fcber Neuigkeiten informiert werden? Melden Sie sich rechts in unsererem Newsletterformular f\u00fcr unseren Newsletter an! St\u00f6bern Sie in unserem\u00a0Newsletter-Archiv.<\/p>\n","protected":false},"author":1,"featured_media":0,"parent":0,"menu_order":0,"comment_status":"closed","ping_status":"closed","template":"","meta":{"footnotes":""},"class_list":["post-69","page","type-page","status-publish","hentry"],"_links":{"self":[{"href":"https:\/\/www.tee-de-cologne.de\/index.php?rest_route=\/wp\/v2\/pages\/69","targetHints":{"allow":["GET"]}}],"collection":[{"href":"https:\/\/www.tee-de-cologne.de\/index.php?rest_route=\/wp\/v2\/pages"}],"about":[{"href":"https:\/\/www.tee-de-cologne.de\/index.php?rest_route=\/wp\/v2\/types\/page"}],"author":[{"embeddable":true,"href":"https:\/\/www.tee-de-cologne.de\/index.php?rest_route=\/wp\/v2\/users\/1"}],"replies":[{"embeddable":true,"href":"https:\/\/www.tee-de-cologne.de\/index.php?rest_route=%2Fwp%2Fv2%2Fcomments&post=69"}],"version-history":[{"count":6,"href":"https:\/\/www.tee-de-cologne.de\/index.php?rest_route=\/wp\/v2\/pages\/69\/revisions"}],"predecessor-version":[{"id":762,"href":"https:\/\/www.tee-de-cologne.de\/index.php?rest_route=\/wp\/v2\/pages\/69\/revisions\/762"}],"wp:attachment":[{"href":"https:\/\/www.tee-de-cologne.de\/index.php?rest_route=%2Fwp%2Fv2%2Fmedia&parent=69"}],"curies":[{"name":"wp","href":"https:\/\/api.w.org\/{rel}","templated":true}]}}